{"id":12,"date":"2024-04-21T18:02:01","date_gmt":"2024-04-21T16:02:01","guid":{"rendered":"https:\/\/htagwada.com\/?page_id=12"},"modified":"2025-11-04T20:05:18","modified_gmt":"2025-11-04T19:05:18","slug":"actualite","status":"publish","type":"page","link":"https:\/\/htagwada.com\/index.php\/actualite\/","title":{"rendered":"Actualit\u00e9"},"content":{"rendered":"\t\t<div data-elementor-type=\"wp-page\" data-elementor-id=\"12\" class=\"elementor elementor-12\">\n\t\t\t\t<div class=\"elementor-element elementor-element-e5f5fe8 e-flex e-con-boxed e-con e-parent\" data-id=\"e5f5fe8\" data-element_type=\"container\">\n\t\t\t\t\t<div class=\"e-con-inner\">\n\t\t\t\t<div class=\"elementor-element elementor-element-62be644 elementor-widget elementor-widget-heading\" data-id=\"62be644\" data-element_type=\"widget\" data-widget_type=\"heading.default\">\n\t\t\t\t<div class=\"elementor-widget-container\">\n\t\t\t<h1 class=\"elementor-heading-title elementor-size-default\">Actualit\u00e9s<\/h1>\t\t<\/div>\n\t\t\t\t<\/div>\n\t\t\t\t<div class=\"elementor-element elementor-element-6f8fc18 elementor-widget elementor-widget-image\" data-id=\"6f8fc18\" data-element_type=\"widget\" data-widget_type=\"image.default\">\n\t\t\t\t<div class=\"elementor-widget-container\">\n\t\t\t\t\t\t\t\t\t\t\t\t\t<img fetchpriority=\"high\" decoding=\"async\" width=\"768\" height=\"1086\" src=\"https:\/\/htagwada.com\/wp-content\/uploads\/2025\/11\/71f0ea4d-bcbf-4db0-b0a9-1b26f54145b7-768x1086.jpeg\" class=\"attachment-medium_large size-medium_large wp-image-978\" alt=\"\" srcset=\"https:\/\/htagwada.com\/wp-content\/uploads\/2025\/11\/71f0ea4d-bcbf-4db0-b0a9-1b26f54145b7-768x1086.jpeg 768w, https:\/\/htagwada.com\/wp-content\/uploads\/2025\/11\/71f0ea4d-bcbf-4db0-b0a9-1b26f54145b7-212x300.jpeg 212w, https:\/\/htagwada.com\/wp-content\/uploads\/2025\/11\/71f0ea4d-bcbf-4db0-b0a9-1b26f54145b7-724x1024.jpeg 724w, https:\/\/htagwada.com\/wp-content\/uploads\/2025\/11\/71f0ea4d-bcbf-4db0-b0a9-1b26f54145b7-1086x1536.jpeg 1086w, https:\/\/htagwada.com\/wp-content\/uploads\/2025\/11\/71f0ea4d-bcbf-4db0-b0a9-1b26f54145b7.jpeg 1131w\" sizes=\"(max-width: 768px) 100vw, 768px\" \/>\t\t\t\t\t\t\t\t\t\t\t\t\t<\/div>\n\t\t\t\t<\/div>\n\t\t\t\t<div class=\"elementor-element elementor-element-7f6b5a3 elementor-widget elementor-widget-heading\" data-id=\"7f6b5a3\" data-element_type=\"widget\" data-widget_type=\"heading.default\">\n\t\t\t\t<div class=\"elementor-widget-container\">\n\t\t\t<h2 class=\"elementor-heading-title elementor-size-default\"><a href=\"https:\/\/www.karibinfo.com\/news\/sante-le-dr-atallah-explique-les-bienfaits-de-la-marche\/\">Le Dr ATALLAH explique les bienfaits de la marche\n<\/a><\/h2>\t\t<\/div>\n\t\t\t\t<\/div>\n\t\t\t\t<div class=\"elementor-element elementor-element-03846ec elementor-widget elementor-widget-heading\" data-id=\"03846ec\" data-element_type=\"widget\" data-widget_type=\"heading.default\">\n\t\t\t\t<div class=\"elementor-widget-container\">\n\t\t\t<h2 class=\"elementor-heading-title elementor-size-default\"><a href=\"https:\/\/www.karibinfo.com\/news\/guadeloupe-quand-andre-atallah-fait-ecole-a-saint-pierre-et-miquelon-avec-bouge-se-sante\/\"><h1>Quand Andr\u00e9 ATALLAH fait \u00e9cole \u00e0 Saint-Pierre-et-Miquelon avec Boug\u00e9 S\u00e9 Sant\u00e9<\/h1><\/a><\/h2>\t\t<\/div>\n\t\t\t\t<\/div>\n\t\t\t\t<div class=\"elementor-element elementor-element-234428e elementor-widget elementor-widget-spacer\" data-id=\"234428e\" data-element_type=\"widget\" data-widget_type=\"spacer.default\">\n\t\t\t\t<div class=\"elementor-widget-container\">\n\t\t\t\t\t<div class=\"elementor-spacer\">\n\t\t\t<div class=\"elementor-spacer-inner\"><\/div>\n\t\t<\/div>\n\t\t\t\t<\/div>\n\t\t\t\t<\/div>\n\t\t\t\t<div class=\"elementor-element elementor-element-760141d elementor-widget elementor-widget-heading\" data-id=\"760141d\" data-element_type=\"widget\" data-widget_type=\"heading.default\">\n\t\t\t\t<div class=\"elementor-widget-container\">\n\t\t\t<h2 class=\"elementor-heading-title elementor-size-default\"><a href=\"https:\/\/www.karibinfo.com\/news\/la-grande-interview-dr-andre-atallah-cardiologue-hypertensiologue-lhypertension-est-une-vraie-maladie-de-systeme\/\">Interview du Dr Andr\u00e9 ATALLAH, cardiologue, hypertensiologue : \n\n\u00ab L\u2019hypertension est une vraie maladie de syst\u00e8me \u00bb\n<\/a><\/h2>\t\t<\/div>\n\t\t\t\t<\/div>\n\t\t\t\t<div class=\"elementor-element elementor-element-9fefa30 elementor-widget elementor-widget-heading\" data-id=\"9fefa30\" data-element_type=\"widget\" data-widget_type=\"heading.default\">\n\t\t\t\t<div class=\"elementor-widget-container\">\n\t\t\t<h2 class=\"elementor-heading-title elementor-size-default\"><a href=\"https:\/\/radiosofaiaaltitude.com\/podcasts\/podcast-bien-etre-en-mots-260425-1156\/\">Podcast Bien \u00eatre en mots 26\/04\/25\n\nDr Andr\u00e9 ATALLAH, cardiologue et auteur du livre \"Bouger c'est bon pour la sant\u00e9\"<\/a><\/h2>\t\t<\/div>\n\t\t\t\t<\/div>\n\t\t\t\t<div class=\"elementor-element elementor-element-d8c9ec3 elementor-widget elementor-widget-spacer\" data-id=\"d8c9ec3\" data-element_type=\"widget\" data-widget_type=\"spacer.default\">\n\t\t\t\t<div class=\"elementor-widget-container\">\n\t\t\t\t\t<div class=\"elementor-spacer\">\n\t\t\t<div class=\"elementor-spacer-inner\"><\/div>\n\t\t<\/div>\n\t\t\t\t<\/div>\n\t\t\t\t<\/div>\n\t\t\t\t<div class=\"elementor-element elementor-element-44368ab elementor-widget elementor-widget-heading\" data-id=\"44368ab\" data-element_type=\"widget\" data-widget_type=\"heading.default\">\n\t\t\t\t<div class=\"elementor-widget-container\">\n\t\t\t<h1 class=\"elementor-heading-title elementor-size-default\"><a href=\"http:\/\/htagwada.com\/wp-content\/uploads\/2025\/03\/Revu-HTA-GWAD-Info-47.pdf\">Revue HTA-GWAD Info 47<\/a><\/h1>\t\t<\/div>\n\t\t\t\t<\/div>\n\t\t\t\t<div class=\"elementor-element elementor-element-ebfe724 elementor-widget elementor-widget-image\" data-id=\"ebfe724\" data-element_type=\"widget\" data-widget_type=\"image.default\">\n\t\t\t\t<div class=\"elementor-widget-container\">\n\t\t\t\t\t\t\t\t\t\t\t\t\t<img decoding=\"async\" width=\"768\" height=\"1086\" src=\"https:\/\/htagwada.com\/wp-content\/uploads\/2025\/02\/FA.AG_.HTAGWAD.2025_page-0001-768x1086.jpg\" class=\"attachment-medium_large size-medium_large wp-image-789\" alt=\"\" srcset=\"https:\/\/htagwada.com\/wp-content\/uploads\/2025\/02\/FA.AG_.HTAGWAD.2025_page-0001-768x1086.jpg 768w, https:\/\/htagwada.com\/wp-content\/uploads\/2025\/02\/FA.AG_.HTAGWAD.2025_page-0001-212x300.jpg 212w, https:\/\/htagwada.com\/wp-content\/uploads\/2025\/02\/FA.AG_.HTAGWAD.2025_page-0001-724x1024.jpg 724w, https:\/\/htagwada.com\/wp-content\/uploads\/2025\/02\/FA.AG_.HTAGWAD.2025_page-0001-1086x1536.jpg 1086w, https:\/\/htagwada.com\/wp-content\/uploads\/2025\/02\/FA.AG_.HTAGWAD.2025_page-0001.jpg 1241w\" sizes=\"(max-width: 768px) 100vw, 768px\" \/>\t\t\t\t\t\t\t\t\t\t\t\t\t<\/div>\n\t\t\t\t<\/div>\n\t\t\t\t\t<\/div>\n\t\t\t\t<\/div>\n\t\t<div class=\"elementor-element elementor-element-517e93b e-flex e-con-boxed e-con e-parent\" data-id=\"517e93b\" data-element_type=\"container\">\n\t\t\t\t\t<div class=\"e-con-inner\">\n\t\t\t\t<div class=\"elementor-element elementor-element-d0ab4be elementor-widget elementor-widget-heading\" data-id=\"d0ab4be\" data-element_type=\"widget\" data-widget_type=\"heading.default\">\n\t\t\t\t<div class=\"elementor-widget-container\">\n\t\t\t<h2 class=\"elementor-heading-title elementor-size-default\"><a href=\"https:\/\/www.google.com\/maps\/d\/viewer?mid=1VjlAeKV06FLGBdFCQEQkvCRk6tpGWHFj&#038;ll=16.13697868863086%2C-61.43103630000001&#038;z=10\">Reprise des activit\u00e9s sur les Parcours Sant\u00e9 Sportifs S\u00e9curis\u00e9 \"P3S\"<\/a><\/h2>\t\t<\/div>\n\t\t\t\t<\/div>\n\t\t\t\t\t<\/div>\n\t\t\t\t<\/div>\n\t\t\t\t<\/div>\n\t\t","protected":false},"excerpt":{"rendered":"<p>Actualit\u00e9s Le Dr ATALLAH explique les bienfaits de la marche Quand Andr\u00e9 ATALLAH fait \u00e9cole \u00e0 Saint-Pierre-et-Miquelon avec Boug\u00e9 S\u00e9 [&hellip;]<\/p>\n","protected":false},"author":1,"featured_media":0,"parent":0,"menu_order":0,"comment_status":"closed","ping_status":"closed","template":"elementor_theme","meta":{"site-sidebar-layout":"no-sidebar","site-content-layout":"","ast-site-content-layout":"full-width-container","site-content-style":"default","site-sidebar-style":"default","ast-global-header-display":"","ast-banner-title-visibility":"","ast-main-header-display":"","ast-hfb-above-header-display":"","ast-hfb-below-header-display":"","ast-hfb-mobile-header-display":"","site-post-title":"disabled","ast-breadcrumbs-content":"","ast-featured-img":"disabled","footer-sml-layout":"","theme-transparent-header-meta":"","adv-header-id-meta":"","stick-header-meta":"","header-above-stick-meta":"","header-main-stick-meta":"","header-below-stick-meta":"","astra-migrate-meta-layouts":"default","ast-page-background-enabled":"default","ast-page-background-meta":{"desktop":{"background-color":"var(--ast-global-color-4)","background-image":"","background-repeat":"repeat","background-position":"center center","background-size":"auto","background-attachment":"scroll","background-type":"","background-media":"","overlay-type":"","overlay-color":"","overlay-opacity":"","overlay-gradient":""},"tablet":{"background-color":"","background-image":"","background-repeat":"repeat","background-position":"center center","background-size":"auto","background-attachment":"scroll","background-type":"","background-media":"","overlay-type":"","overlay-color":"","overlay-opacity":"","overlay-gradient":""},"mobile":{"background-color":"","background-image":"","background-repeat":"repeat","background-position":"center center","background-size":"auto","background-attachment":"scroll","background-type":"","background-media":"","overlay-type":"","overlay-color":"","overlay-opacity":"","overlay-gradient":""}},"ast-content-background-meta":{"desktop":{"background-color":"var(--ast-global-color-5)","background-image":"","background-repeat":"repeat","background-position":"center center","background-size":"auto","background-attachment":"scroll","background-type":"","background-media":"","overlay-type":"","overlay-color":"","overlay-opacity":"","overlay-gradient":""},"tablet":{"background-color":"var(--ast-global-color-5)","background-image":"","background-repeat":"repeat","background-position":"center center","background-size":"auto","background-attachment":"scroll","background-type":"","background-media":"","overlay-type":"","overlay-color":"","overlay-opacity":"","overlay-gradient":""},"mobile":{"background-color":"var(--ast-global-color-5)","background-image":"","background-repeat":"repeat","background-position":"center center","background-size":"auto","background-attachment":"scroll","background-type":"","background-media":"","overlay-type":"","overlay-color":"","overlay-opacity":"","overlay-gradient":""}},"footnotes":""},"class_list":["post-12","page","type-page","status-publish","hentry"],"_links":{"self":[{"href":"https:\/\/htagwada.com\/index.php\/wp-json\/wp\/v2\/pages\/12","targetHints":{"allow":["GET"]}}],"collection":[{"href":"https:\/\/htagwada.com\/index.php\/wp-json\/wp\/v2\/pages"}],"about":[{"href":"https:\/\/htagwada.com\/index.php\/wp-json\/wp\/v2\/types\/page"}],"author":[{"embeddable":true,"href":"https:\/\/htagwada.com\/index.php\/wp-json\/wp\/v2\/users\/1"}],"replies":[{"embeddable":true,"href":"https:\/\/htagwada.com\/index.php\/wp-json\/wp\/v2\/comments?post=12"}],"version-history":[{"count":107,"href":"https:\/\/htagwada.com\/index.php\/wp-json\/wp\/v2\/pages\/12\/revisions"}],"predecessor-version":[{"id":981,"href":"https:\/\/htagwada.com\/index.php\/wp-json\/wp\/v2\/pages\/12\/revisions\/981"}],"wp:attachment":[{"href":"https:\/\/htagwada.com\/index.php\/wp-json\/wp\/v2\/media?parent=12"}],"curies":[{"name":"wp","href":"https:\/\/api.w.org\/{rel}","templated":true}]}}