{"id":146,"date":"2024-04-22T20:40:32","date_gmt":"2024-04-22T18:40:32","guid":{"rendered":"https:\/\/htagwada.com\/?page_id=146"},"modified":"2024-04-23T01:10:22","modified_gmt":"2024-04-22T23:10:22","slug":"deroulement-du-programme","status":"publish","type":"page","link":"https:\/\/htagwada.com\/index.php\/deroulement-du-programme\/","title":{"rendered":"D\u00e9roulement du programme"},"content":{"rendered":"\t\t<div data-elementor-type=\"wp-page\" data-elementor-id=\"146\" class=\"elementor elementor-146\">\n\t\t\t\t<div class=\"elementor-element elementor-element-a0cf04e e-flex e-con-boxed e-con e-parent\" data-id=\"a0cf04e\" data-element_type=\"container\">\n\t\t\t\t\t<div class=\"e-con-inner\">\n\t\t\t\t<div class=\"elementor-element elementor-element-6645f23 elementor-widget elementor-widget-heading\" data-id=\"6645f23\" data-element_type=\"widget\" data-widget_type=\"heading.default\">\n\t\t\t\t<div class=\"elementor-widget-container\">\n\t\t\t<h1 class=\"elementor-heading-title elementor-size-default\">D\u00e9roulement du programme<\/h1>\t\t<\/div>\n\t\t\t\t<\/div>\n\t\t\t\t<div class=\"elementor-element elementor-element-1136818 elementor-widget elementor-widget-heading\" data-id=\"1136818\" data-element_type=\"widget\" data-widget_type=\"heading.default\">\n\t\t\t\t<div class=\"elementor-widget-container\">\n\t\t\t<h3 class=\"elementor-heading-title elementor-size-default\">Comment se d\u00e9roule le programme ?<\/h3>\t\t<\/div>\n\t\t\t\t<\/div>\n\t\t\t\t\t<\/div>\n\t\t\t\t<\/div>\n\t\t<div class=\"elementor-element elementor-element-fd107ba e-flex e-con-boxed e-con e-parent\" data-id=\"fd107ba\" data-element_type=\"container\">\n\t\t\t\t\t<div class=\"e-con-inner\">\n\t\t\t\t<div class=\"elementor-element elementor-element-914ed47 elementor-widget elementor-widget-spacer\" data-id=\"914ed47\" data-element_type=\"widget\" data-widget_type=\"spacer.default\">\n\t\t\t\t<div class=\"elementor-widget-container\">\n\t\t\t\t\t<div class=\"elementor-spacer\">\n\t\t\t<div class=\"elementor-spacer-inner\"><\/div>\n\t\t<\/div>\n\t\t\t\t<\/div>\n\t\t\t\t<\/div>\n\t\t<div class=\"elementor-element elementor-element-b99d4b0 e-flex e-con-boxed e-con e-child\" data-id=\"b99d4b0\" data-element_type=\"container\">\n\t\t\t\t\t<div class=\"e-con-inner\">\n\t\t<div class=\"elementor-element elementor-element-4d993d7 e-grid e-con-boxed e-con e-child\" data-id=\"4d993d7\" data-element_type=\"container\">\n\t\t\t\t\t<div class=\"e-con-inner\">\n\t\t\t\t<div class=\"elementor-element elementor-element-75c58b6 elementor-widget elementor-widget-image\" data-id=\"75c58b6\" data-element_type=\"widget\" data-widget_type=\"image.default\">\n\t\t\t\t<div class=\"elementor-widget-container\">\n\t\t\t\t\t\t\t\t\t\t\t\t\t<img fetchpriority=\"high\" decoding=\"async\" width=\"500\" height=\"500\" src=\"https:\/\/htagwada.com\/wp-content\/uploads\/2024\/04\/Etapes-1.png\" class=\"attachment-large size-large wp-image-369\" alt=\"\" srcset=\"https:\/\/htagwada.com\/wp-content\/uploads\/2024\/04\/Etapes-1.png 500w, https:\/\/htagwada.com\/wp-content\/uploads\/2024\/04\/Etapes-1-300x300.png 300w, https:\/\/htagwada.com\/wp-content\/uploads\/2024\/04\/Etapes-1-150x150.png 150w\" sizes=\"(max-width: 500px) 100vw, 500px\" \/>\t\t\t\t\t\t\t\t\t\t\t\t\t<\/div>\n\t\t\t\t<\/div>\n\t\t<div class=\"elementor-element elementor-element-56985f1 e-flex e-con-boxed e-con e-child\" data-id=\"56985f1\" data-element_type=\"container\">\n\t\t\t\t\t<div class=\"e-con-inner\">\n\t\t\t\t<div class=\"elementor-element elementor-element-0e9a483 elementor-widget elementor-widget-heading\" data-id=\"0e9a483\" data-element_type=\"widget\" data-widget_type=\"heading.default\">\n\t\t\t\t<div class=\"elementor-widget-container\">\n\t\t\t<h2 class=\"elementor-heading-title elementor-size-default\">La premi\u00e8re s\u00e9ance collective<\/h2>\t\t<\/div>\n\t\t\t\t<\/div>\n\t\t\t\t<div class=\"elementor-element elementor-element-14c21fe elementor-widget elementor-widget-text-editor\" data-id=\"14c21fe\" data-element_type=\"widget\" data-widget_type=\"text-editor.default\">\n\t\t\t\t<div class=\"elementor-widget-container\">\n\t\t\t\t\t\t\t<ul><li><span style=\"font-style: inherit; font-weight: inherit; text-align: var(--text-align); background-color: var(--ast-global-color-5);\">4 patients hypertendus<\/span><\/li><li><span style=\"font-style: inherit; font-weight: inherit; text-align: var(--text-align); background-color: var(--ast-global-color-5);\">Pr\u00e9sentation du PET<\/span><\/li><li>Questionnaire succinct d\u2019\u00e9valuation &#8211; s\u00e9ance de 90 \u00e0 120mn, avec comme support le DVD HTA<\/li><\/ul><p>Remise en fin de s\u00e9ance d\u2019un d\u00e9pliant qui sera rempli \u00e0 son domicile par le patient (aid\u00e9 par son entourage) concernant son mode de vie:<\/p><ul><li>alimentation (grille hebdomadaire)<\/li><li>activit\u00e9 physique (pratique et difficult\u00e9s \u00e9ventuelles rencontr\u00e9es)<\/li><li>traitement (bienfaits, tol\u00e9rance, observance)<\/li><li>et surtout projet-contrat propos\u00e9 par le patient lui-m\u00eame (priorisation d\u2019un projet)<\/li><\/ul>\t\t\t\t\t\t<\/div>\n\t\t\t\t<\/div>\n\t\t\t\t\t<\/div>\n\t\t\t\t<\/div>\n\t\t\t\t\t<\/div>\n\t\t\t\t<\/div>\n\t\t\t\t\t<\/div>\n\t\t\t\t<\/div>\n\t\t<div class=\"elementor-element elementor-element-c730f39 e-grid e-con-boxed e-con e-child\" data-id=\"c730f39\" data-element_type=\"container\">\n\t\t\t\t\t<div class=\"e-con-inner\">\n\t\t\t\t<div class=\"elementor-element elementor-element-02834f7 elementor-widget elementor-widget-image\" data-id=\"02834f7\" data-element_type=\"widget\" data-widget_type=\"image.default\">\n\t\t\t\t<div class=\"elementor-widget-container\">\n\t\t\t\t\t\t\t\t\t\t\t\t\t<img decoding=\"async\" width=\"500\" height=\"500\" src=\"https:\/\/htagwada.com\/wp-content\/uploads\/2024\/04\/Etapes-1-1.png\" class=\"attachment-large size-large wp-image-371\" alt=\"\" srcset=\"https:\/\/htagwada.com\/wp-content\/uploads\/2024\/04\/Etapes-1-1.png 500w, https:\/\/htagwada.com\/wp-content\/uploads\/2024\/04\/Etapes-1-1-300x300.png 300w, https:\/\/htagwada.com\/wp-content\/uploads\/2024\/04\/Etapes-1-1-150x150.png 150w\" sizes=\"(max-width: 500px) 100vw, 500px\" \/>\t\t\t\t\t\t\t\t\t\t\t\t\t<\/div>\n\t\t\t\t<\/div>\n\t\t<div class=\"elementor-element elementor-element-3967fce e-flex e-con-boxed e-con e-child\" data-id=\"3967fce\" data-element_type=\"container\">\n\t\t\t\t\t<div class=\"e-con-inner\">\n\t\t\t\t<div class=\"elementor-element elementor-element-c8512b9 elementor-widget elementor-widget-heading\" data-id=\"c8512b9\" data-element_type=\"widget\" data-widget_type=\"heading.default\">\n\t\t\t\t<div class=\"elementor-widget-container\">\n\t\t\t<h2 class=\"elementor-heading-title elementor-size-default\">La deuxi\u00e8me s\u00e9ance individuelle (30 mn)<\/h2>\t\t<\/div>\n\t\t\t\t<\/div>\n\t\t\t\t<div class=\"elementor-element elementor-element-e7a7b96 elementor-widget elementor-widget-text-editor\" data-id=\"e7a7b96\" data-element_type=\"widget\" data-widget_type=\"text-editor.default\">\n\t\t\t\t<div class=\"elementor-widget-container\">\n\t\t\t\t\t\t\t<p>5 \u00e0 7 jours apr\u00e8s la 1\u00e8re s\u00e9ance<\/p><ul><li>Evaluation des acquis<\/li><li>Diagnostic \u00e9ducatif<\/li><li>Lecture et analyse du d\u00e9pliant remis<\/li><li>Validation du projet-contrat et modalit\u00e9s pratiques de mise en place (IDE ou m\u00e9decin traitant)<\/li><\/ul>\t\t\t\t\t\t<\/div>\n\t\t\t\t<\/div>\n\t\t\t\t\t<\/div>\n\t\t\t\t<\/div>\n\t\t\t\t\t<\/div>\n\t\t\t\t<\/div>\n\t\t<div class=\"elementor-element elementor-element-8648512 e-grid e-con-boxed e-con e-child\" data-id=\"8648512\" data-element_type=\"container\">\n\t\t\t\t\t<div class=\"e-con-inner\">\n\t\t\t\t<div class=\"elementor-element elementor-element-97ff141 elementor-widget elementor-widget-image\" data-id=\"97ff141\" data-element_type=\"widget\" data-widget_type=\"image.default\">\n\t\t\t\t<div class=\"elementor-widget-container\">\n\t\t\t\t\t\t\t\t\t\t\t\t\t<img decoding=\"async\" width=\"500\" height=\"500\" src=\"https:\/\/htagwada.com\/wp-content\/uploads\/2024\/04\/Veille-en-cinq-etapes.png\" class=\"attachment-large size-large wp-image-373\" alt=\"\" srcset=\"https:\/\/htagwada.com\/wp-content\/uploads\/2024\/04\/Veille-en-cinq-etapes.png 500w, https:\/\/htagwada.com\/wp-content\/uploads\/2024\/04\/Veille-en-cinq-etapes-300x300.png 300w, https:\/\/htagwada.com\/wp-content\/uploads\/2024\/04\/Veille-en-cinq-etapes-150x150.png 150w\" sizes=\"(max-width: 500px) 100vw, 500px\" \/>\t\t\t\t\t\t\t\t\t\t\t\t\t<\/div>\n\t\t\t\t<\/div>\n\t\t<div class=\"elementor-element elementor-element-c56dc10 e-flex e-con-boxed e-con e-child\" data-id=\"c56dc10\" data-element_type=\"container\">\n\t\t\t\t\t<div class=\"e-con-inner\">\n\t\t\t\t<div class=\"elementor-element elementor-element-c6359fd elementor-widget elementor-widget-heading\" data-id=\"c6359fd\" data-element_type=\"widget\" data-widget_type=\"heading.default\">\n\t\t\t\t<div class=\"elementor-widget-container\">\n\t\t\t<h2 class=\"elementor-heading-title elementor-size-default\">3i\u00e8me, 4i\u00e8me et 5i\u00e8me s\u00e9ances individuelles (30 mn)<\/h2>\t\t<\/div>\n\t\t\t\t<\/div>\n\t\t\t\t<div class=\"elementor-element elementor-element-a82c0d5 elementor-widget elementor-widget-text-editor\" data-id=\"a82c0d5\" data-element_type=\"widget\" data-widget_type=\"text-editor.default\">\n\t\t\t\t<div class=\"elementor-widget-container\">\n\t\t\t\t\t\t\t<p><span style=\"font-style: inherit; font-weight: inherit; text-align: var(--text-align); background-color: var(--ast-global-color-5);\">(Par la m\u00eame IDE qui a r\u00e9alis\u00e9e les premi\u00e8res s\u00e9ances ou le m\u00e9decin traitant, ou une IDE r\u00e9f\u00e9rente du r\u00e9seau, voire par la coordination du r\u00e9seau)<\/span><\/p><ul><li>Rappel v\u00e9rifiant la mise en application des acquis et du projet contrat<\/li><li>Si maintien du contrat, renfort ou autre projet contrat<\/li><li>Si non mise en pratique, r\u00e9vision du contrat, motivation et analyse de l\u2019\u00e9chec et proposition d\u2019action<\/li><\/ul>\t\t\t\t\t\t<\/div>\n\t\t\t\t<\/div>\n\t\t\t\t\t<\/div>\n\t\t\t\t<\/div>\n\t\t\t\t\t<\/div>\n\t\t\t\t<\/div>\n\t\t\t\t<div class=\"elementor-element elementor-element-06d21b5 elementor-widget elementor-widget-spacer\" data-id=\"06d21b5\" data-element_type=\"widget\" data-widget_type=\"spacer.default\">\n\t\t\t\t<div class=\"elementor-widget-container\">\n\t\t\t\t\t<div class=\"elementor-spacer\">\n\t\t\t<div class=\"elementor-spacer-inner\"><\/div>\n\t\t<\/div>\n\t\t\t\t<\/div>\n\t\t\t\t<\/div>\n\t\t\t\t\t<\/div>\n\t\t\t\t<\/div>\n\t\t\t\t<\/div>\n\t\t","protected":false},"excerpt":{"rendered":"<p>D\u00e9roulement du programme Comment se d\u00e9roule le programme ? La premi\u00e8re s\u00e9ance collective 4 patients hypertendus Pr\u00e9sentation du PET Questionnaire [&hellip;]<\/p>\n","protected":false},"author":1,"featured_media":0,"parent":0,"menu_order":0,"comment_status":"closed","ping_status":"closed","template":"","meta":{"site-sidebar-layout":"no-sidebar","site-content-layout":"","ast-site-content-layout":"full-width-container","site-content-style":"default","site-sidebar-style":"default","ast-global-header-display":"","ast-banner-title-visibility":"","ast-main-header-display":"","ast-hfb-above-header-display":"","ast-hfb-below-header-display":"","ast-hfb-mobile-header-display":"","site-post-title":"disabled","ast-breadcrumbs-content":"","ast-featured-img":"disabled","footer-sml-layout":"","theme-transparent-header-meta":"","adv-header-id-meta":"","stick-header-meta":"","header-above-stick-meta":"","header-main-stick-meta":"","header-below-stick-meta":"","astra-migrate-meta-layouts":"default","ast-page-background-enabled":"default","ast-page-background-meta":{"desktop":{"background-color":"var(--ast-global-color-4)","background-image":"","background-repeat":"repeat","background-position":"center center","background-size":"auto","background-attachment":"scroll","background-type":"","background-media":"","overlay-type":"","overlay-color":"","overlay-opacity":"","overlay-gradient":""},"tablet":{"background-color":"","background-image":"","background-repeat":"repeat","background-position":"center center","background-size":"auto","background-attachment":"scroll","background-type":"","background-media":"","overlay-type":"","overlay-color":"","overlay-opacity":"","overlay-gradient":""},"mobile":{"background-color":"","background-image":"","background-repeat":"repeat","background-position":"center center","background-size":"auto","background-attachment":"scroll","background-type":"","background-media":"","overlay-type":"","overlay-color":"","overlay-opacity":"","overlay-gradient":""}},"ast-content-background-meta":{"desktop":{"background-color":"var(--ast-global-color-5)","background-image":"","background-repeat":"repeat","background-position":"center center","background-size":"auto","background-attachment":"scroll","background-type":"","background-media":"","overlay-type":"","overlay-color":"","overlay-opacity":"","overlay-gradient":""},"tablet":{"background-color":"var(--ast-global-color-5)","background-image":"","background-repeat":"repeat","background-position":"center center","background-size":"auto","background-attachment":"scroll","background-type":"","background-media":"","overlay-type":"","overlay-color":"","overlay-opacity":"","overlay-gradient":""},"mobile":{"background-color":"var(--ast-global-color-5)","background-image":"","background-repeat":"repeat","background-position":"center center","background-size":"auto","background-attachment":"scroll","background-type":"","background-media":"","overlay-type":"","overlay-color":"","overlay-opacity":"","overlay-gradient":""}},"footnotes":""},"class_list":["post-146","page","type-page","status-publish","hentry"],"_links":{"self":[{"href":"https:\/\/htagwada.com\/index.php\/wp-json\/wp\/v2\/pages\/146","targetHints":{"allow":["GET"]}}],"collection":[{"href":"https:\/\/htagwada.com\/index.php\/wp-json\/wp\/v2\/pages"}],"about":[{"href":"https:\/\/htagwada.com\/index.php\/wp-json\/wp\/v2\/types\/page"}],"author":[{"embeddable":true,"href":"https:\/\/htagwada.com\/index.php\/wp-json\/wp\/v2\/users\/1"}],"replies":[{"embeddable":true,"href":"https:\/\/htagwada.com\/index.php\/wp-json\/wp\/v2\/comments?post=146"}],"version-history":[{"count":17,"href":"https:\/\/htagwada.com\/index.php\/wp-json\/wp\/v2\/pages\/146\/revisions"}],"predecessor-version":[{"id":382,"href":"https:\/\/htagwada.com\/index.php\/wp-json\/wp\/v2\/pages\/146\/revisions\/382"}],"wp:attachment":[{"href":"https:\/\/htagwada.com\/index.php\/wp-json\/wp\/v2\/media?parent=146"}],"curies":[{"name":"wp","href":"https:\/\/api.w.org\/{rel}","templated":true}]}}