{"id":638,"date":"2024-07-10T16:39:11","date_gmt":"2024-07-10T14:39:11","guid":{"rendered":"https:\/\/htagwada.com\/?page_id=638"},"modified":"2026-03-02T14:20:58","modified_gmt":"2026-03-02T13:20:58","slug":"p3s","status":"publish","type":"page","link":"https:\/\/htagwada.com\/index.php\/p3s\/","title":{"rendered":"P3S"},"content":{"rendered":"\t\t<div data-elementor-type=\"wp-page\" data-elementor-id=\"638\" class=\"elementor elementor-638\">\n\t\t\t\t<div class=\"elementor-element elementor-element-1a295e4 e-flex e-con-boxed e-con e-parent\" data-id=\"1a295e4\" data-element_type=\"container\">\n\t\t\t\t\t<div class=\"e-con-inner\">\n\t\t\t\t<div class=\"elementor-element elementor-element-6c4dac0 elementor-widget elementor-widget-heading\" data-id=\"6c4dac0\" data-element_type=\"widget\" data-widget_type=\"heading.default\">\n\t\t\t\t<div class=\"elementor-widget-container\">\n\t\t\t<h2 class=\"elementor-heading-title elementor-size-default\"><a href=\"http:\/\/htagwada.com\/wp-content\/uploads\/2024\/11\/Note.BOUJE-SE-SANTE-avec-les-P3S.Ministre.pdf\"><!--StartFragment--><span>Pr\u00e9sentation du dispositif Bouj\u00e9 s\u00e9 sant\u00e9 \u00e0 travers les P3S<\/span><br><!--EndFragment--><\/a><\/h2>\t\t<\/div>\n\t\t\t\t<\/div>\n\t\t\t\t\t<\/div>\n\t\t\t\t<\/div>\n\t\t<div class=\"elementor-element elementor-element-635d3ec e-flex e-con-boxed e-con e-parent\" data-id=\"635d3ec\" data-element_type=\"container\">\n\t\t\t\t\t<div class=\"e-con-inner\">\n\t\t\t\t<div class=\"elementor-element elementor-element-2b1cbff elementor-widget elementor-widget-heading\" data-id=\"2b1cbff\" data-element_type=\"widget\" data-widget_type=\"heading.default\">\n\t\t\t\t<div class=\"elementor-widget-container\">\n\t\t\t<h2 class=\"elementor-heading-title elementor-size-default\"><a href=\"https:\/\/www.google.com\/maps\/d\/edit?mid=1VjlAeKV06FLGBdFCQEQkvCRk6tpGWHFj&#038;ll=16.136978688630848%2C-61.43103630000001&#038;z=10\">Educateurs<br>Parcours Sportifs Sant\u00e9 S\u00e9curis\u00e9s \"P3S\" <\/a><\/h2>\t\t<\/div>\n\t\t\t\t<\/div>\n\t\t\t\t<div class=\"elementor-element elementor-element-b483172 elementor-widget elementor-widget-image\" data-id=\"b483172\" data-element_type=\"widget\" data-widget_type=\"image.default\">\n\t\t\t\t<div class=\"elementor-widget-container\">\n\t\t\t\t\t\t\t\t\t\t\t\t\t<img fetchpriority=\"high\" decoding=\"async\" width=\"751\" height=\"664\" src=\"https:\/\/htagwada.com\/wp-content\/uploads\/2024\/09\/P3S.jpg\" class=\"attachment-medium_large size-medium_large wp-image-668\" alt=\"\" srcset=\"https:\/\/htagwada.com\/wp-content\/uploads\/2024\/09\/P3S.jpg 751w, https:\/\/htagwada.com\/wp-content\/uploads\/2024\/09\/P3S-300x265.jpg 300w\" sizes=\"(max-width: 751px) 100vw, 751px\" \/>\t\t\t\t\t\t\t\t\t\t\t\t\t<\/div>\n\t\t\t\t<\/div>\n\t\t\t\t<div class=\"elementor-element elementor-element-d8e9ea1 elementor-widget elementor-widget-heading\" data-id=\"d8e9ea1\" data-element_type=\"widget\" data-widget_type=\"heading.default\">\n\t\t\t\t<div class=\"elementor-widget-container\">\n\t\t\t<h2 class=\"elementor-heading-title elementor-size-default\"><a href=\"http:\/\/htagwada.com\/wp-content\/uploads\/2024\/11\/Flyer.P3S.DEF_.DEF_.pdf\">Flyers P3S<\/a><\/h2>\t\t<\/div>\n\t\t\t\t<\/div>\n\t\t\t\t\t<\/div>\n\t\t\t\t<\/div>\n\t\t<div class=\"elementor-element elementor-element-3b6dada e-flex e-con-boxed e-con e-parent\" data-id=\"3b6dada\" data-element_type=\"container\">\n\t\t\t\t\t<div class=\"e-con-inner\">\n\t\t\t\t<div class=\"elementor-element elementor-element-c31ce10 elementor-widget elementor-widget-video\" data-id=\"c31ce10\" data-element_type=\"widget\" data-settings=\"{&quot;youtube_url&quot;:&quot;https:\\\/\\\/www.youtube.com\\\/watch?v=O4IxkVeHqXg&amp;t&quot;,&quot;video_type&quot;:&quot;youtube&quot;,&quot;controls&quot;:&quot;yes&quot;}\" data-widget_type=\"video.default\">\n\t\t\t\t<div class=\"elementor-widget-container\">\n\t\t\t\t\t<div class=\"elementor-wrapper elementor-open-inline\">\n\t\t\t<div class=\"elementor-video\"><\/div>\t\t<\/div>\n\t\t\t\t<\/div>\n\t\t\t\t<\/div>\n\t\t\t\t\t<\/div>\n\t\t\t\t<\/div>\n\t\t<div class=\"elementor-element elementor-element-b2e2726 e-flex e-con-boxed e-con e-parent\" data-id=\"b2e2726\" data-element_type=\"container\">\n\t\t\t\t\t<div class=\"e-con-inner\">\n\t\t\t\t<div class=\"elementor-element elementor-element-854ddd6 elementor-widget elementor-widget-heading\" data-id=\"854ddd6\" data-element_type=\"widget\" data-widget_type=\"heading.default\">\n\t\t\t\t<div class=\"elementor-widget-container\">\n\t\t\t<h2 class=\"elementor-heading-title elementor-size-default\"><a href=\"http:\/\/htagwada.com\/wp-content\/uploads\/2026\/03\/Planning-Educateur-P3S-2026-03.pdf\">Liste des \u00e9ducateurs sur les P3S<\/a><\/h2>\t\t<\/div>\n\t\t\t\t<\/div>\n\t\t\t\t\t<\/div>\n\t\t\t\t<\/div>\n\t\t<div class=\"elementor-element elementor-element-339f7f7 e-flex e-con-boxed e-con e-parent\" data-id=\"339f7f7\" data-element_type=\"container\">\n\t\t\t\t\t<div class=\"e-con-inner\">\n\t\t\t\t\t<\/div>\n\t\t\t\t<\/div>\n\t\t\t\t<\/div>\n\t\t","protected":false},"excerpt":{"rendered":"<p>Pr\u00e9sentation du dispositif Bouj\u00e9 s\u00e9 sant\u00e9 \u00e0 travers les P3S EducateursParcours Sportifs Sant\u00e9 S\u00e9curis\u00e9s \u00ab\u00a0P3S\u00a0\u00bb Flyers P3S Liste des \u00e9ducateurs [&hellip;]<\/p>\n","protected":false},"author":1,"featured_media":0,"parent":0,"menu_order":0,"comment_status":"closed","ping_status":"closed","template":"","meta":{"site-sidebar-layout":"no-sidebar","site-content-layout":"","ast-site-content-layout":"full-width-container","site-content-style":"default","site-sidebar-style":"default","ast-global-header-display":"","ast-banner-title-visibility":"","ast-main-header-display":"","ast-hfb-above-header-display":"","ast-hfb-below-header-display":"","ast-hfb-mobile-header-display":"","site-post-title":"disabled","ast-breadcrumbs-content":"","ast-featured-img":"disabled","footer-sml-layout":"","theme-transparent-header-meta":"","adv-header-id-meta":"","stick-header-meta":"","header-above-stick-meta":"","header-main-stick-meta":"","header-below-stick-meta":"","astra-migrate-meta-layouts":"default","ast-page-background-enabled":"default","ast-page-background-meta":{"desktop":{"background-color":"var(--ast-global-color-4)","background-image":"","background-repeat":"repeat","background-position":"center center","background-size":"auto","background-attachment":"scroll","background-type":"","background-media":"","overlay-type":"","overlay-color":"","overlay-opacity":"","overlay-gradient":""},"tablet":{"background-color":"","background-image":"","background-repeat":"repeat","background-position":"center center","background-size":"auto","background-attachment":"scroll","background-type":"","background-media":"","overlay-type":"","overlay-color":"","overlay-opacity":"","overlay-gradient":""},"mobile":{"background-color":"","background-image":"","background-repeat":"repeat","background-position":"center center","background-size":"auto","background-attachment":"scroll","background-type":"","background-media":"","overlay-type":"","overlay-color":"","overlay-opacity":"","overlay-gradient":""}},"ast-content-background-meta":{"desktop":{"background-color":"var(--ast-global-color-5)","background-image":"","background-repeat":"repeat","background-position":"center center","background-size":"auto","background-attachment":"scroll","background-type":"","background-media":"","overlay-type":"","overlay-color":"","overlay-opacity":"","overlay-gradient":""},"tablet":{"background-color":"var(--ast-global-color-5)","background-image":"","background-repeat":"repeat","background-position":"center center","background-size":"auto","background-attachment":"scroll","background-type":"","background-media":"","overlay-type":"","overlay-color":"","overlay-opacity":"","overlay-gradient":""},"mobile":{"background-color":"var(--ast-global-color-5)","background-image":"","background-repeat":"repeat","background-position":"center center","background-size":"auto","background-attachment":"scroll","background-type":"","background-media":"","overlay-type":"","overlay-color":"","overlay-opacity":"","overlay-gradient":""}},"footnotes":""},"class_list":["post-638","page","type-page","status-publish","hentry"],"_links":{"self":[{"href":"https:\/\/htagwada.com\/index.php\/wp-json\/wp\/v2\/pages\/638","targetHints":{"allow":["GET"]}}],"collection":[{"href":"https:\/\/htagwada.com\/index.php\/wp-json\/wp\/v2\/pages"}],"about":[{"href":"https:\/\/htagwada.com\/index.php\/wp-json\/wp\/v2\/types\/page"}],"author":[{"embeddable":true,"href":"https:\/\/htagwada.com\/index.php\/wp-json\/wp\/v2\/users\/1"}],"replies":[{"embeddable":true,"href":"https:\/\/htagwada.com\/index.php\/wp-json\/wp\/v2\/comments?post=638"}],"version-history":[{"count":68,"href":"https:\/\/htagwada.com\/index.php\/wp-json\/wp\/v2\/pages\/638\/revisions"}],"predecessor-version":[{"id":985,"href":"https:\/\/htagwada.com\/index.php\/wp-json\/wp\/v2\/pages\/638\/revisions\/985"}],"wp:attachment":[{"href":"https:\/\/htagwada.com\/index.php\/wp-json\/wp\/v2\/media?parent=638"}],"curies":[{"name":"wp","href":"https:\/\/api.w.org\/{rel}","templated":true}]}}