{"id":92,"date":"2024-04-21T18:46:51","date_gmt":"2024-04-21T16:46:51","guid":{"rendered":"https:\/\/htagwada.com\/?page_id=92"},"modified":"2024-04-23T01:01:27","modified_gmt":"2024-04-22T23:01:27","slug":"le-reseau","status":"publish","type":"page","link":"https:\/\/htagwada.com\/index.php\/le-reseau\/","title":{"rendered":"Le r\u00e9seau"},"content":{"rendered":"\t\t<div data-elementor-type=\"wp-page\" data-elementor-id=\"92\" class=\"elementor elementor-92\">\n\t\t\t\t<div class=\"elementor-element elementor-element-f382ba7 e-flex e-con-boxed e-con e-parent\" data-id=\"f382ba7\" data-element_type=\"container\">\n\t\t\t\t\t<div class=\"e-con-inner\">\n\t\t<div class=\"elementor-element elementor-element-59ce6f3 e-flex e-con-boxed e-con e-child\" data-id=\"59ce6f3\" data-element_type=\"container\" data-settings=\"{&quot;background_background&quot;:&quot;classic&quot;}\">\n\t\t\t\t\t<div class=\"e-con-inner\">\n\t\t\t\t<div class=\"elementor-element elementor-element-ec5eda1 elementor-widget elementor-widget-heading\" data-id=\"ec5eda1\" data-element_type=\"widget\" data-widget_type=\"heading.default\">\n\t\t\t\t<div class=\"elementor-widget-container\">\n\t\t\t<h1 class=\"elementor-heading-title elementor-size-default\">Le r\u00e9seau<\/h1>\t\t<\/div>\n\t\t\t\t<\/div>\n\t\t\t\t<div class=\"elementor-element elementor-element-613a627 elementor-widget elementor-widget-heading\" data-id=\"613a627\" data-element_type=\"widget\" data-widget_type=\"heading.default\">\n\t\t\t\t<div class=\"elementor-widget-container\">\n\t\t\t<h4 class=\"elementor-heading-title elementor-size-default\">Le r\u00e9seau est promu par l'association \" GROUPE HTA GUADELOUPE \" association loi 1901 constitu\u00e9e en 2001.\nEn 2007, l'association compte pr\u00e8s de 200 adh\u00e9rants et de nombreux sympathisants.<\/h4>\t\t<\/div>\n\t\t\t\t<\/div>\n\t\t\t\t\t<\/div>\n\t\t\t\t<\/div>\n\t\t\t\t\t<\/div>\n\t\t\t\t<\/div>\n\t\t<div class=\"elementor-element elementor-element-82aeb75 e-flex e-con-boxed e-con e-parent\" data-id=\"82aeb75\" data-element_type=\"container\">\n\t\t\t\t\t<div class=\"e-con-inner\">\n\t\t\t\t<div class=\"elementor-element elementor-element-905d47e elementor-widget elementor-widget-spacer\" data-id=\"905d47e\" data-element_type=\"widget\" data-widget_type=\"spacer.default\">\n\t\t\t\t<div class=\"elementor-widget-container\">\n\t\t\t\t\t<div class=\"elementor-spacer\">\n\t\t\t<div class=\"elementor-spacer-inner\"><\/div>\n\t\t<\/div>\n\t\t\t\t<\/div>\n\t\t\t\t<\/div>\n\t\t\t\t\t<\/div>\n\t\t\t\t<\/div>\n\t\t<div class=\"elementor-element elementor-element-557365b e-grid e-con-boxed e-con e-parent\" data-id=\"557365b\" data-element_type=\"container\">\n\t\t\t\t\t<div class=\"e-con-inner\">\n\t\t<div class=\"elementor-element elementor-element-81a571a e-flex e-con-boxed e-con e-child\" data-id=\"81a571a\" data-element_type=\"container\" data-settings=\"{&quot;background_background&quot;:&quot;classic&quot;}\">\n\t\t\t\t\t<div class=\"e-con-inner\">\n\t\t\t\t<div class=\"elementor-element elementor-element-b57a033 elementor-widget elementor-widget-heading\" data-id=\"b57a033\" data-element_type=\"widget\" data-widget_type=\"heading.default\">\n\t\t\t\t<div class=\"elementor-widget-container\">\n\t\t\t<h2 class=\"elementor-heading-title elementor-size-default\">Pourquoi <\/h2>\t\t<\/div>\n\t\t\t\t<\/div>\n\t\t\t\t<div class=\"elementor-element elementor-element-5771e0c elementor-widget elementor-widget-image\" data-id=\"5771e0c\" data-element_type=\"widget\" data-widget_type=\"image.default\">\n\t\t\t\t<div class=\"elementor-widget-container\">\n\t\t\t\t\t\t\t\t\t\t\t\t\t<img fetchpriority=\"high\" decoding=\"async\" width=\"1024\" height=\"737\" src=\"https:\/\/htagwada.com\/wp-content\/uploads\/2024\/04\/Why-handwritten-inscription-e1713826693427-1024x737.jpg\" class=\"attachment-large size-large wp-image-98\" alt=\"\" srcset=\"https:\/\/htagwada.com\/wp-content\/uploads\/2024\/04\/Why-handwritten-inscription-e1713826693427-1024x737.jpg 1024w, https:\/\/htagwada.com\/wp-content\/uploads\/2024\/04\/Why-handwritten-inscription-e1713826693427-300x216.jpg 300w, https:\/\/htagwada.com\/wp-content\/uploads\/2024\/04\/Why-handwritten-inscription-e1713826693427-768x553.jpg 768w, https:\/\/htagwada.com\/wp-content\/uploads\/2024\/04\/Why-handwritten-inscription-e1713826693427.jpg 1500w\" sizes=\"(max-width: 1024px) 100vw, 1024px\" \/>\t\t\t\t\t\t\t\t\t\t\t\t\t<\/div>\n\t\t\t\t<\/div>\n\t\t\t\t\t<\/div>\n\t\t\t\t<\/div>\n\t\t\t\t<div class=\"elementor-element elementor-element-0c23356 elementor-widget elementor-widget-text-editor\" data-id=\"0c23356\" data-element_type=\"widget\" data-widget_type=\"text-editor.default\">\n\t\t\t\t<div class=\"elementor-widget-container\">\n\t\t\t\t\t\t\t<p><b>La situation de l&rsquo;hypertension art\u00e9rielle en Guadeloupe\u00a0<span style=\"font-style: inherit; text-align: var(--text-align); background-color: var(--ast-global-color-5);\">est plus grave qu&rsquo;en m\u00e9tropole.<\/span><\/b><\/p><p><span style=\"font-style: inherit; font-weight: inherit; text-align: var(--text-align); background-color: var(--ast-global-color-5);\">L\u2019hypertension art\u00e9rielle est un probl\u00e8me majeur de sant\u00e9 publique\u00a0<\/span><span style=\"font-style: inherit; font-weight: inherit; text-align: var(--text-align); background-color: var(--ast-global-color-5);\">Elle fait partie des priorit\u00e9s r\u00e9gionales en Guadeloupe.\u00a0<\/span><span style=\"font-style: inherit; font-weight: inherit; text-align: var(--text-align); background-color: var(--ast-global-color-5);\">La cr\u00e9ation du R\u00e9seau HTA-GWAD s&rsquo;est donc impos\u00e9e.<\/span><\/p>\t\t\t\t\t\t<\/div>\n\t\t\t\t<\/div>\n\t\t\t\t\t<\/div>\n\t\t\t\t<\/div>\n\t\t<div class=\"elementor-element elementor-element-cc84f4f e-flex e-con-boxed e-con e-parent\" data-id=\"cc84f4f\" data-element_type=\"container\">\n\t\t\t\t\t<div class=\"e-con-inner\">\n\t\t\t\t<div class=\"elementor-element elementor-element-87721bc elementor-widget elementor-widget-spacer\" data-id=\"87721bc\" data-element_type=\"widget\" data-widget_type=\"spacer.default\">\n\t\t\t\t<div class=\"elementor-widget-container\">\n\t\t\t\t\t<div class=\"elementor-spacer\">\n\t\t\t<div class=\"elementor-spacer-inner\"><\/div>\n\t\t<\/div>\n\t\t\t\t<\/div>\n\t\t\t\t<\/div>\n\t\t\t\t\t<\/div>\n\t\t\t\t<\/div>\n\t\t<div class=\"elementor-element elementor-element-56b5486 e-grid e-con-boxed e-con e-parent\" data-id=\"56b5486\" data-element_type=\"container\">\n\t\t\t\t\t<div class=\"e-con-inner\">\n\t\t\t\t<div class=\"elementor-element elementor-element-fcc273e elementor-widget elementor-widget-text-editor\" data-id=\"fcc273e\" data-element_type=\"widget\" data-widget_type=\"text-editor.default\">\n\t\t\t\t<div class=\"elementor-widget-container\">\n\t\t\t\t\t\t\t<p>Les r\u00e9seaux de sant\u00e9 ont pour objectif de \u00a0\u00bb favoriser l&rsquo;acc\u00e8s aux soins, la coordination, la continuit\u00e9 ou l&rsquo;interdisciplinarit\u00e9 des prises en charge sanitaires, notamment de celles qui sont sp\u00e9cifiques \u00e0 certaines populations, pathologies ou sanitaires. \u00ab\u00a0<\/p><p>Dans le respect de cette d\u00e9finition, le r\u00e9seau HTA-GWAD a pour objectif g\u00e9n\u00e9ral de favoriser l&rsquo;acc\u00e8s aux soins et la prise en charge coordonn\u00e9e des patients hypertendus en :<\/p><p>&#8211; Renfor\u00e7ant la communication existant entre les professionnels de sant\u00e9 (m\u00e9dicaux et para-m\u00e9dicaux ; ville et h\u00f4pital).<br \/>&#8211; D\u00e9veloppant une prise en charge adapt\u00e9e aux besoins de la personne (\u00e9ducation \u00e0 la sant\u00e9, pr\u00e9vention, diagnostic et soins).<\/p>\t\t\t\t\t\t<\/div>\n\t\t\t\t<\/div>\n\t\t<div class=\"elementor-element elementor-element-8722c52 e-flex e-con-boxed e-con e-child\" data-id=\"8722c52\" data-element_type=\"container\" data-settings=\"{&quot;background_background&quot;:&quot;classic&quot;}\">\n\t\t\t\t\t<div class=\"e-con-inner\">\n\t\t\t\t<div class=\"elementor-element elementor-element-53aa9a5 elementor-widget elementor-widget-heading\" data-id=\"53aa9a5\" data-element_type=\"widget\" data-widget_type=\"heading.default\">\n\t\t\t\t<div class=\"elementor-widget-container\">\n\t\t\t<h2 class=\"elementor-heading-title elementor-size-default\">Les objectifs<\/h2>\t\t<\/div>\n\t\t\t\t<\/div>\n\t\t\t\t<div class=\"elementor-element elementor-element-f32c6ca elementor-widget elementor-widget-image\" data-id=\"f32c6ca\" data-element_type=\"widget\" data-widget_type=\"image.default\">\n\t\t\t\t<div class=\"elementor-widget-container\">\n\t\t\t\t\t\t\t\t\t\t\t\t\t<img decoding=\"async\" width=\"1024\" height=\"765\" src=\"https:\/\/htagwada.com\/wp-content\/uploads\/2024\/04\/Objectifs-Fotolia-66968610-1024x765.jpg\" class=\"attachment-large size-large wp-image-352\" alt=\"\" srcset=\"https:\/\/htagwada.com\/wp-content\/uploads\/2024\/04\/Objectifs-Fotolia-66968610-1024x765.jpg 1024w, https:\/\/htagwada.com\/wp-content\/uploads\/2024\/04\/Objectifs-Fotolia-66968610-300x224.jpg 300w, https:\/\/htagwada.com\/wp-content\/uploads\/2024\/04\/Objectifs-Fotolia-66968610-768x574.jpg 768w, https:\/\/htagwada.com\/wp-content\/uploads\/2024\/04\/Objectifs-Fotolia-66968610.jpg 1200w\" sizes=\"(max-width: 1024px) 100vw, 1024px\" \/>\t\t\t\t\t\t\t\t\t\t\t\t\t<\/div>\n\t\t\t\t<\/div>\n\t\t\t\t\t<\/div>\n\t\t\t\t<\/div>\n\t\t\t\t\t<\/div>\n\t\t\t\t<\/div>\n\t\t<div class=\"elementor-element elementor-element-24d49e6 e-flex e-con-boxed e-con e-parent\" data-id=\"24d49e6\" data-element_type=\"container\">\n\t\t\t\t\t<div class=\"e-con-inner\">\n\t\t\t\t<div class=\"elementor-element elementor-element-6df1fd8 elementor-widget elementor-widget-spacer\" data-id=\"6df1fd8\" data-element_type=\"widget\" data-widget_type=\"spacer.default\">\n\t\t\t\t<div class=\"elementor-widget-container\">\n\t\t\t\t\t<div class=\"elementor-spacer\">\n\t\t\t<div class=\"elementor-spacer-inner\"><\/div>\n\t\t<\/div>\n\t\t\t\t<\/div>\n\t\t\t\t<\/div>\n\t\t\t\t\t<\/div>\n\t\t\t\t<\/div>\n\t\t<div class=\"elementor-element elementor-element-3051e72 e-grid e-con-boxed e-con e-parent\" data-id=\"3051e72\" data-element_type=\"container\">\n\t\t\t\t\t<div class=\"e-con-inner\">\n\t\t<div class=\"elementor-element elementor-element-bef10c4 e-flex e-con-boxed e-con e-child\" data-id=\"bef10c4\" data-element_type=\"container\">\n\t\t\t\t\t<div class=\"e-con-inner\">\n\t\t\t\t<div class=\"elementor-element elementor-element-4997745 elementor-widget elementor-widget-heading\" data-id=\"4997745\" data-element_type=\"widget\" data-widget_type=\"heading.default\">\n\t\t\t\t<div class=\"elementor-widget-container\">\n\t\t\t<h2 class=\"elementor-heading-title elementor-size-default\">Nos actions<\/h2>\t\t<\/div>\n\t\t\t\t<\/div>\n\t\t\t\t<div class=\"elementor-element elementor-element-91df258 elementor-widget elementor-widget-image\" data-id=\"91df258\" data-element_type=\"widget\" data-widget_type=\"image.default\">\n\t\t\t\t<div class=\"elementor-widget-container\">\n\t\t\t\t\t\t\t\t\t\t\t\t\t<img decoding=\"async\" width=\"389\" height=\"309\" src=\"https:\/\/htagwada.com\/wp-content\/uploads\/2024\/04\/Actions-humaines.jpg\" class=\"attachment-large size-large wp-image-359\" alt=\"\" srcset=\"https:\/\/htagwada.com\/wp-content\/uploads\/2024\/04\/Actions-humaines.jpg 389w, https:\/\/htagwada.com\/wp-content\/uploads\/2024\/04\/Actions-humaines-300x238.jpg 300w\" sizes=\"(max-width: 389px) 100vw, 389px\" \/>\t\t\t\t\t\t\t\t\t\t\t\t\t<\/div>\n\t\t\t\t<\/div>\n\t\t\t\t\t<\/div>\n\t\t\t\t<\/div>\n\t\t\t\t<div class=\"elementor-element elementor-element-bedb921 elementor-widget elementor-widget-text-editor\" data-id=\"bedb921\" data-element_type=\"widget\" data-widget_type=\"text-editor.default\">\n\t\t\t\t<div class=\"elementor-widget-container\">\n\t\t\t\t\t\t\t<ul><li>\u00a0L&rsquo;\u00e9ducation \u00e0 la sant\u00e9 des patients hypertendus et de leur entourage:\u00a0<\/li><li>Un Programme d&rsquo;\u00e9ducation en sant\u00e9 a \u00e9t\u00e9 mis en place sur toute la Guadeloupe afin de donner aux patients une meilleure connaissance de leur pathologie ( voir la rubrique Education Sant\u00e9 )<\/li><li><span style=\"font-style: inherit; font-weight: inherit; text-align: var(--text-align); background-color: var(--ast-global-color-5);\">Coordination du suivi m\u00e9dical gr\u00e2ce au Dossier m\u00e9dical partag\u00e9 informatis\u00e9.\u00a0<\/span>Le r\u00e9seau propose des prestations d\u00e9rogatoires telles que des consultations di\u00e9t\u00e9tique ou nutrition aux patients inclus au D.M.P.I \u00e0 l&rsquo;issu d&rsquo;une consultation d&rsquo;inclusion. ( voir la rubrique DMPI )<\/li><li>La formation en direction des m\u00e9decins et des professionnels para-m\u00e9dicaux<\/li><li>L&rsquo;information pour tous:<\/li><li>Une revue trimestrielle: HTA-GWAD INFO<\/li><li>Un site web actualis\u00e9<\/li><li>Des enqu\u00eates, des \u00e9tudes \u00e9pid\u00e9miologiques, des pr\u00e9sentations en congr\u00e8s<br \/>( voir la rubrique ETUDES )<\/li><li>L&rsquo;\u00e9valuation des actions et des pratiques<\/li><\/ul>\t\t\t\t\t\t<\/div>\n\t\t\t\t<\/div>\n\t\t\t\t\t<\/div>\n\t\t\t\t<\/div>\n\t\t<div class=\"elementor-element elementor-element-883275c e-flex e-con-boxed e-con e-parent\" data-id=\"883275c\" data-element_type=\"container\">\n\t\t\t\t\t<div class=\"e-con-inner\">\n\t\t\t\t<div class=\"elementor-element elementor-element-0802cb5 elementor-widget elementor-widget-spacer\" data-id=\"0802cb5\" data-element_type=\"widget\" data-widget_type=\"spacer.default\">\n\t\t\t\t<div class=\"elementor-widget-container\">\n\t\t\t\t\t<div class=\"elementor-spacer\">\n\t\t\t<div class=\"elementor-spacer-inner\"><\/div>\n\t\t<\/div>\n\t\t\t\t<\/div>\n\t\t\t\t<\/div>\n\t\t\t\t\t<\/div>\n\t\t\t\t<\/div>\n\t\t<div class=\"elementor-element elementor-element-a8e2203 e-grid e-con-boxed e-con e-parent\" data-id=\"a8e2203\" data-element_type=\"container\">\n\t\t\t\t\t<div class=\"e-con-inner\">\n\t\t\t\t<div class=\"elementor-element elementor-element-8755708 elementor-widget elementor-widget-text-editor\" data-id=\"8755708\" data-element_type=\"widget\" data-widget_type=\"text-editor.default\">\n\t\t\t\t<div class=\"elementor-widget-container\">\n\t\t\t\t\t\t\t<p>Ces actions sont men\u00e9es gr\u00e2ce au financement octroy\u00e9 par nos partenaires institutionnels (l&rsquo;Agence R\u00e9gionale de l&rsquo;Hospitalisation Guadeloupe, la C.G.S.S).\u00a0<\/p><p><span style=\"background-color: var(--ast-global-color-5); font-style: inherit; font-weight: inherit; text-align: var(--text-align);\">Le r\u00e9seau a conclu de nombreux partenariats avec les m\u00e9decins et les professionnels para-m\u00e9dicaux ainsi qu&rsquo;avec les institutions, organismes et \u00e9tablissements jouant un r\u00f4le dans la prise en charge de l&rsquo;Hypertension Art\u00e9rielle (\u00e9tablissements de sant\u00e9, centres de sant\u00e9 Coll\u00e8ges scientifiques, les ordres professionnels, la M\u00e9decine du travail, l&rsquo;Agence d\u00e9partementale d&rsquo;Insertion, la D.S<\/span><\/p>\t\t\t\t\t\t<\/div>\n\t\t\t\t<\/div>\n\t\t<div class=\"elementor-element elementor-element-20d6a69 e-flex e-con-boxed e-con e-child\" data-id=\"20d6a69\" data-element_type=\"container\">\n\t\t\t\t\t<div class=\"e-con-inner\">\n\t\t\t\t<div class=\"elementor-element elementor-element-6c34c0a elementor-widget elementor-widget-heading\" data-id=\"6c34c0a\" data-element_type=\"widget\" data-widget_type=\"heading.default\">\n\t\t\t\t<div class=\"elementor-widget-container\">\n\t\t\t<h2 class=\"elementor-heading-title elementor-size-default\">Nos partenaires<\/h2>\t\t<\/div>\n\t\t\t\t<\/div>\n\t\t\t\t<div class=\"elementor-element elementor-element-f065a33 elementor-widget elementor-widget-image\" data-id=\"f065a33\" data-element_type=\"widget\" data-widget_type=\"image.default\">\n\t\t\t\t<div class=\"elementor-widget-container\">\n\t\t\t\t\t\t\t\t\t\t\t\t\t<img loading=\"lazy\" decoding=\"async\" width=\"853\" height=\"778\" src=\"https:\/\/htagwada.com\/wp-content\/uploads\/2024\/04\/Partenaires-principal.png\" class=\"attachment-large size-large wp-image-350\" alt=\"\" srcset=\"https:\/\/htagwada.com\/wp-content\/uploads\/2024\/04\/Partenaires-principal.png 853w, https:\/\/htagwada.com\/wp-content\/uploads\/2024\/04\/Partenaires-principal-300x274.png 300w, https:\/\/htagwada.com\/wp-content\/uploads\/2024\/04\/Partenaires-principal-768x700.png 768w\" sizes=\"(max-width: 853px) 100vw, 853px\" \/>\t\t\t\t\t\t\t\t\t\t\t\t\t<\/div>\n\t\t\t\t<\/div>\n\t\t\t\t\t<\/div>\n\t\t\t\t<\/div>\n\t\t\t\t\t<\/div>\n\t\t\t\t<\/div>\n\t\t\t\t<\/div>\n\t\t","protected":false},"excerpt":{"rendered":"<p>Le r\u00e9seau Le r\u00e9seau est promu par l&rsquo;association \u00a0\u00bb GROUPE HTA GUADELOUPE \u00a0\u00bb association loi 1901 constitu\u00e9e en 2001. En [&hellip;]<\/p>\n","protected":false},"author":1,"featured_media":0,"parent":0,"menu_order":0,"comment_status":"closed","ping_status":"closed","template":"","meta":{"site-sidebar-layout":"no-sidebar","site-content-layout":"","ast-site-content-layout":"full-width-container","site-content-style":"default","site-sidebar-style":"default","ast-global-header-display":"","ast-banner-title-visibility":"","ast-main-header-display":"","ast-hfb-above-header-display":"","ast-hfb-below-header-display":"","ast-hfb-mobile-header-display":"","site-post-title":"disabled","ast-breadcrumbs-content":"","ast-featured-img":"disabled","footer-sml-layout":"","theme-transparent-header-meta":"","adv-header-id-meta":"","stick-header-meta":"","header-above-stick-meta":"","header-main-stick-meta":"","header-below-stick-meta":"","astra-migrate-meta-layouts":"default","ast-page-background-enabled":"default","ast-page-background-meta":{"desktop":{"background-color":"var(--ast-global-color-4)","background-image":"","background-repeat":"repeat","background-position":"center center","background-size":"auto","background-attachment":"scroll","background-type":"","background-media":"","overlay-type":"","overlay-color":"","overlay-opacity":"","overlay-gradient":""},"tablet":{"background-color":"","background-image":"","background-repeat":"repeat","background-position":"center center","background-size":"auto","background-attachment":"scroll","background-type":"","background-media":"","overlay-type":"","overlay-color":"","overlay-opacity":"","overlay-gradient":""},"mobile":{"background-color":"","background-image":"","background-repeat":"repeat","background-position":"center center","background-size":"auto","background-attachment":"scroll","background-type":"","background-media":"","overlay-type":"","overlay-color":"","overlay-opacity":"","overlay-gradient":""}},"ast-content-background-meta":{"desktop":{"background-color":"var(--ast-global-color-5)","background-image":"","background-repeat":"repeat","background-position":"center center","background-size":"auto","background-attachment":"scroll","background-type":"","background-media":"","overlay-type":"","overlay-color":"","overlay-opacity":"","overlay-gradient":""},"tablet":{"background-color":"var(--ast-global-color-5)","background-image":"","background-repeat":"repeat","background-position":"center center","background-size":"auto","background-attachment":"scroll","background-type":"","background-media":"","overlay-type":"","overlay-color":"","overlay-opacity":"","overlay-gradient":""},"mobile":{"background-color":"var(--ast-global-color-5)","background-image":"","background-repeat":"repeat","background-position":"center center","background-size":"auto","background-attachment":"scroll","background-type":"","background-media":"","overlay-type":"","overlay-color":"","overlay-opacity":"","overlay-gradient":""}},"footnotes":""},"class_list":["post-92","page","type-page","status-publish","hentry"],"_links":{"self":[{"href":"https:\/\/htagwada.com\/index.php\/wp-json\/wp\/v2\/pages\/92","targetHints":{"allow":["GET"]}}],"collection":[{"href":"https:\/\/htagwada.com\/index.php\/wp-json\/wp\/v2\/pages"}],"about":[{"href":"https:\/\/htagwada.com\/index.php\/wp-json\/wp\/v2\/types\/page"}],"author":[{"embeddable":true,"href":"https:\/\/htagwada.com\/index.php\/wp-json\/wp\/v2\/users\/1"}],"replies":[{"embeddable":true,"href":"https:\/\/htagwada.com\/index.php\/wp-json\/wp\/v2\/comments?post=92"}],"version-history":[{"count":31,"href":"https:\/\/htagwada.com\/index.php\/wp-json\/wp\/v2\/pages\/92\/revisions"}],"predecessor-version":[{"id":368,"href":"https:\/\/htagwada.com\/index.php\/wp-json\/wp\/v2\/pages\/92\/revisions\/368"}],"wp:attachment":[{"href":"https:\/\/htagwada.com\/index.php\/wp-json\/wp\/v2\/media?parent=92"}],"curies":[{"name":"wp","href":"https:\/\/api.w.org\/{rel}","templated":true}]}}